{"id":1887,"date":"2024-07-11T12:12:50","date_gmt":"2024-07-11T10:12:50","guid":{"rendered":"https:\/\/dev.hotelmont-vernon.com\/vous-souhaitez\/"},"modified":"2024-10-29T09:17:34","modified_gmt":"2024-10-29T08:17:34","slug":"you-wish-to","status":"publish","type":"page","link":"https:\/\/dev.hotelmont-vernon.com\/en\/you-wish-to\/","title":{"rendered":"You wish to"},"content":{"rendered":"","protected":false},"excerpt":{"rendered":"","protected":false},"author":1,"featured_media":0,"parent":0,"menu_order":10000,"comment_status":"closed","ping_status":"closed","template":"","meta":{"inline_featured_image":false,"footnotes":""},"class_list":["post-1887","page","type-page","status-publish","hentry"],"yoast_head":"<!-- This site is optimized with the Yoast SEO plugin v26.9 - https:\/\/yoast.com\/product\/yoast-seo-wordpress\/ -->\n<title>You wish to - H\u00f4tel Mont Vernon - H\u00f4tel 3 \u00e9toiles \u00e0 Vernon<\/title>\n<meta name=\"robots\" content=\"noindex, follow, max-snippet:-1, max-image-preview:large, max-video-preview:-1\" \/>\n<meta property=\"og:locale\" content=\"en_US\" \/>\n<meta property=\"og:type\" content=\"article\" \/>\n<meta property=\"og:title\" content=\"You wish to - H\u00f4tel Mont Vernon - H\u00f4tel 3 \u00e9toiles \u00e0 Vernon\" \/>\n<meta property=\"og:url\" content=\"https:\/\/dev.hotelmont-vernon.com\/en\/you-wish-to\/\" \/>\n<meta property=\"og:site_name\" content=\"H\u00f4tel Mont Vernon\" \/>\n<meta property=\"article:publisher\" content=\"https:\/\/www.facebook.com\/hotelmontvernon27950\/\" \/>\n<meta property=\"article:modified_time\" content=\"2024-10-29T08:17:34+00:00\" \/>\n<meta name=\"twitter:card\" content=\"summary_large_image\" \/>\n<script type=\"application\/ld+json\" class=\"yoast-schema-graph\">{\"@context\":\"https:\/\/schema.org\",\"@graph\":[{\"@type\":\"WebPage\",\"@id\":\"https:\/\/dev.hotelmont-vernon.com\/en\/you-wish-to\/\",\"url\":\"https:\/\/dev.hotelmont-vernon.com\/en\/you-wish-to\/\",\"name\":\"You wish to - H\u00f4tel Mont Vernon - H\u00f4tel 3 \u00e9toiles \u00e0 Vernon\",\"isPartOf\":{\"@id\":\"https:\/\/dev.hotelmont-vernon.com\/en\/#website\"},\"datePublished\":\"2024-07-11T10:12:50+00:00\",\"dateModified\":\"2024-10-29T08:17:34+00:00\",\"breadcrumb\":{\"@id\":\"https:\/\/dev.hotelmont-vernon.com\/en\/you-wish-to\/#breadcrumb\"},\"inLanguage\":\"en-US\",\"potentialAction\":[{\"@type\":\"ReadAction\",\"target\":[\"https:\/\/dev.hotelmont-vernon.com\/en\/you-wish-to\/\"]}]},{\"@type\":\"BreadcrumbList\",\"@id\":\"https:\/\/dev.hotelmont-vernon.com\/en\/you-wish-to\/#breadcrumb\",\"itemListElement\":[{\"@type\":\"ListItem\",\"position\":1,\"name\":\"Home\",\"item\":\"https:\/\/dev.hotelmont-vernon.com\/en\/\"},{\"@type\":\"ListItem\",\"position\":2,\"name\":\"You wish to\"}]},{\"@type\":\"WebSite\",\"@id\":\"https:\/\/dev.hotelmont-vernon.com\/en\/#website\",\"url\":\"https:\/\/dev.hotelmont-vernon.com\/en\/\",\"name\":\"H\u00f4tel Mont Vernon\",\"description\":\"H\u00f4tel 3 \u00e9toiles \u00e0 Vernon\",\"publisher\":{\"@id\":\"https:\/\/dev.hotelmont-vernon.com\/en\/#organization\"},\"potentialAction\":[{\"@type\":\"SearchAction\",\"target\":{\"@type\":\"EntryPoint\",\"urlTemplate\":\"https:\/\/dev.hotelmont-vernon.com\/en\/?s={search_term_string}\"},\"query-input\":{\"@type\":\"PropertyValueSpecification\",\"valueRequired\":true,\"valueName\":\"search_term_string\"}}],\"inLanguage\":\"en-US\"},{\"@type\":\"Organization\",\"@id\":\"https:\/\/dev.hotelmont-vernon.com\/en\/#organization\",\"name\":\"H\u00f4tel Mont Vernon\",\"url\":\"https:\/\/dev.hotelmont-vernon.com\/en\/\",\"logo\":{\"@type\":\"ImageObject\",\"inLanguage\":\"en-US\",\"@id\":\"https:\/\/dev.hotelmont-vernon.com\/en\/#\/schema\/logo\/image\/\",\"url\":\"https:\/\/dev.hotelmont-vernon.com\/app\/uploads\/2024\/08\/Mont-vernon-evenement-prives4.png\",\"contentUrl\":\"https:\/\/dev.hotelmont-vernon.com\/app\/uploads\/2024\/08\/Mont-vernon-evenement-prives4.png\",\"width\":574,\"height\":408,\"caption\":\"H\u00f4tel Mont Vernon\"},\"image\":{\"@id\":\"https:\/\/dev.hotelmont-vernon.com\/en\/#\/schema\/logo\/image\/\"},\"sameAs\":[\"https:\/\/www.facebook.com\/hotelmontvernon27950\/\"]}]}<\/script>\n<!-- \/ Yoast SEO plugin. -->","yoast_head_json":{"title":"You wish to - H\u00f4tel Mont Vernon - H\u00f4tel 3 \u00e9toiles \u00e0 Vernon","robots":{"index":"noindex","follow":"follow","max-snippet":"max-snippet:-1","max-image-preview":"max-image-preview:large","max-video-preview":"max-video-preview:-1"},"og_locale":"en_US","og_type":"article","og_title":"You wish to - H\u00f4tel Mont Vernon - H\u00f4tel 3 \u00e9toiles \u00e0 Vernon","og_url":"https:\/\/dev.hotelmont-vernon.com\/en\/you-wish-to\/","og_site_name":"H\u00f4tel Mont Vernon","article_publisher":"https:\/\/www.facebook.com\/hotelmontvernon27950\/","article_modified_time":"2024-10-29T08:17:34+00:00","twitter_card":"summary_large_image","schema":{"@context":"https:\/\/schema.org","@graph":[{"@type":"WebPage","@id":"https:\/\/dev.hotelmont-vernon.com\/en\/you-wish-to\/","url":"https:\/\/dev.hotelmont-vernon.com\/en\/you-wish-to\/","name":"You wish to - H\u00f4tel Mont Vernon - H\u00f4tel 3 \u00e9toiles \u00e0 Vernon","isPartOf":{"@id":"https:\/\/dev.hotelmont-vernon.com\/en\/#website"},"datePublished":"2024-07-11T10:12:50+00:00","dateModified":"2024-10-29T08:17:34+00:00","breadcrumb":{"@id":"https:\/\/dev.hotelmont-vernon.com\/en\/you-wish-to\/#breadcrumb"},"inLanguage":"en-US","potentialAction":[{"@type":"ReadAction","target":["https:\/\/dev.hotelmont-vernon.com\/en\/you-wish-to\/"]}]},{"@type":"BreadcrumbList","@id":"https:\/\/dev.hotelmont-vernon.com\/en\/you-wish-to\/#breadcrumb","itemListElement":[{"@type":"ListItem","position":1,"name":"Home","item":"https:\/\/dev.hotelmont-vernon.com\/en\/"},{"@type":"ListItem","position":2,"name":"You wish to"}]},{"@type":"WebSite","@id":"https:\/\/dev.hotelmont-vernon.com\/en\/#website","url":"https:\/\/dev.hotelmont-vernon.com\/en\/","name":"H\u00f4tel Mont Vernon","description":"H\u00f4tel 3 \u00e9toiles \u00e0 Vernon","publisher":{"@id":"https:\/\/dev.hotelmont-vernon.com\/en\/#organization"},"potentialAction":[{"@type":"SearchAction","target":{"@type":"EntryPoint","urlTemplate":"https:\/\/dev.hotelmont-vernon.com\/en\/?s={search_term_string}"},"query-input":{"@type":"PropertyValueSpecification","valueRequired":true,"valueName":"search_term_string"}}],"inLanguage":"en-US"},{"@type":"Organization","@id":"https:\/\/dev.hotelmont-vernon.com\/en\/#organization","name":"H\u00f4tel Mont Vernon","url":"https:\/\/dev.hotelmont-vernon.com\/en\/","logo":{"@type":"ImageObject","inLanguage":"en-US","@id":"https:\/\/dev.hotelmont-vernon.com\/en\/#\/schema\/logo\/image\/","url":"https:\/\/dev.hotelmont-vernon.com\/app\/uploads\/2024\/08\/Mont-vernon-evenement-prives4.png","contentUrl":"https:\/\/dev.hotelmont-vernon.com\/app\/uploads\/2024\/08\/Mont-vernon-evenement-prives4.png","width":574,"height":408,"caption":"H\u00f4tel Mont Vernon"},"image":{"@id":"https:\/\/dev.hotelmont-vernon.com\/en\/#\/schema\/logo\/image\/"},"sameAs":["https:\/\/www.facebook.com\/hotelmontvernon27950\/"]}]}},"_links":{"self":[{"href":"https:\/\/dev.hotelmont-vernon.com\/en\/wp-json\/wp\/v2\/pages\/1887","targetHints":{"allow":["GET"]}}],"collection":[{"href":"https:\/\/dev.hotelmont-vernon.com\/en\/wp-json\/wp\/v2\/pages"}],"about":[{"href":"https:\/\/dev.hotelmont-vernon.com\/en\/wp-json\/wp\/v2\/types\/page"}],"author":[{"embeddable":true,"href":"https:\/\/dev.hotelmont-vernon.com\/en\/wp-json\/wp\/v2\/users\/1"}],"replies":[{"embeddable":true,"href":"https:\/\/dev.hotelmont-vernon.com\/en\/wp-json\/wp\/v2\/comments?post=1887"}],"version-history":[{"count":1,"href":"https:\/\/dev.hotelmont-vernon.com\/en\/wp-json\/wp\/v2\/pages\/1887\/revisions"}],"predecessor-version":[{"id":1896,"href":"https:\/\/dev.hotelmont-vernon.com\/en\/wp-json\/wp\/v2\/pages\/1887\/revisions\/1896"}],"wp:attachment":[{"href":"https:\/\/dev.hotelmont-vernon.com\/en\/wp-json\/wp\/v2\/media?parent=1887"}],"curies":[{"name":"wp","href":"https:\/\/api.w.org\/{rel}","templated":true}]}}