{"id":1918,"date":"2024-09-16T21:44:46","date_gmt":"2024-09-16T19:44:46","guid":{"rendered":"https:\/\/dev.hotelmont-vernon.com\/mentions-legales\/"},"modified":"2024-11-05T23:29:04","modified_gmt":"2024-11-05T22:29:04","slug":"legal-notice","status":"publish","type":"page","link":"https:\/\/dev.hotelmont-vernon.com\/en\/legal-notice\/","title":{"rendered":"Legal notice"},"content":{"rendered":"\t\t<div data-elementor-type=\"wp-page\" data-elementor-id=\"1918\" class=\"elementor elementor-1918 elementor-1553\" data-elementor-post-type=\"page\">\n\t\t\t\t<div class=\"elementor-element elementor-element-ee1941e e-flex e-con-boxed e-con e-parent\" data-id=\"ee1941e\" data-element_type=\"container\" data-e-type=\"container\" data-settings=\"{&quot;background_background&quot;:&quot;classic&quot;}\">\n\t\t\t\t\t<div class=\"e-con-inner\">\n\t\t\t\t<div class=\"elementor-element elementor-element-3dcb026 elementor-widget elementor-widget-heading\" data-id=\"3dcb026\" data-element_type=\"widget\" data-e-type=\"widget\" data-widget_type=\"heading.default\">\n\t\t\t\t<div class=\"elementor-widget-container\">\n\t\t\t\t\t<h1 class=\"elementor-heading-title elementor-size-default\">Legal notice<\/h1>\t\t\t\t<\/div>\n\t\t\t\t<\/div>\n\t\t\t\t<div class=\"elementor-element elementor-element-d7660e6 elementor-widget elementor-widget-image\" data-id=\"d7660e6\" data-element_type=\"widget\" data-e-type=\"widget\" data-widget_type=\"image.default\">\n\t\t\t\t<div class=\"elementor-widget-container\">\n\t\t\t\t\t\t\t\t\t\t\t\t\t\t\t<img fetchpriority=\"high\" decoding=\"async\" width=\"800\" height=\"567\" src=\"https:\/\/dev.hotelmont-vernon.com\/app\/uploads\/2024\/07\/Groupe-121.svg\" class=\"attachment-large size-large wp-image-1644\" alt=\"\" \/>\t\t\t\t\t\t\t\t\t\t\t\t\t\t\t<\/div>\n\t\t\t\t<\/div>\n\t\t\t\t\t<\/div>\n\t\t\t\t<\/div>\n\t\t<div class=\"elementor-element elementor-element-bcc4e86 e-flex e-con-boxed e-con e-parent\" data-id=\"bcc4e86\" data-element_type=\"container\" data-e-type=\"container\" data-settings=\"{&quot;background_background&quot;:&quot;classic&quot;}\">\n\t\t\t\t\t<div class=\"e-con-inner\">\n\t\t<div class=\"elementor-element elementor-element-fe539e3 e-con-full e-flex e-con e-child\" data-id=\"fe539e3\" data-element_type=\"container\" data-e-type=\"container\">\n\t\t\t\t<div class=\"elementor-element elementor-element-14a093d elementor-widget__width-inherit elementor-widget-mobile__width-inherit elementor-widget elementor-widget-text-editor\" data-id=\"14a093d\" data-element_type=\"widget\" data-e-type=\"widget\" data-widget_type=\"text-editor.default\">\n\t\t\t\t<div class=\"elementor-widget-container\">\n\t\t\t\t\t\t\t\t\t<p>Publisher<\/p><p>H\u00f4tel Mont Vernon-CNPP entreprise<\/p><p>SARL au capital de 8 500 000\u20ac \u2013 Siret : 34290125300050<br \/>Route de la Chapelle R\u00e9anville \u2013 CD 64 \u2013<br \/>F 27950 \u2013 SAINT MARCEL<br \/>Phone +33 (0)2 32 21 67 77<\/p><p>\u00a0<\/p><p>Publication manager: Guillaume SAVORNIN, General Manager.<\/p><p>MONT-VERNON Manager: Emmanuelle Yvart<\/p><p>CNPP Marketing Communication Director: Anne-Karine BIGOT<\/p><p>Site administrator: Gregory Chevalier<\/p><p>Site designer<\/p><p>Web marketing: My Market Office &#8211; Isabelle DUFRESNE &#8211; isabelle@mymarketoffice.com<\/p><p>Webdesign: Aysor &#8211; Alexandre Arzuman &#8211; alexandre@aysorparis.com<\/p><p>Development : PWA &#8211; Florian Perrier &#8211; florian@pwa.paris<\/p><p>Site host<\/p><p>SAS au capital de 50 000 000 \u20ac<br \/>RCS Lille M\u00e9tropole 424 761 419 00045<br \/>Code APE 2620Z<br \/>VAT number : FR 22 424 761 419<br \/>Head office: 2 rue Kellermann &#8211; 59100 Roubaix &#8211; France<\/p><p>OVH SAS is a subsidiary of OVH Groupe SA, a company registered in the Lille Trade and Companies Register under number 537 407 926 and headquartered at 2, rue Kellermann, 59100 Roubaix.<\/p><p>Site access<\/p><p>Access to the URL https:\/\/www.hotelmont-vernon.com is free of charge. All users of the site are responsible for the costs of access and use of the telecommunications network, in accordance with the terms and conditions set by their access providers and telecommunications operators.<\/p><p>You are reminded :<\/p><p>Fraudulently accessing or remaining in a computer system, hindering or distorting its proper operation, or fraudulently modifying the data it contains, constitute offences punishable by criminal penalties.<\/p><p>The confidentiality of correspondence is not guaranteed on the Internet, and it is the responsibility of each user to take all appropriate measures to protect their own data and\/or software from contamination by viruses circulating on the Internet.<\/p><p>The Mont Vernon hotel makes every effort to ensure that the information on its website is accurate and regularly updated. However, it cannot absolutely guarantee the accuracy and completeness of all the information or the absence of modifications by a third party.<\/p><p>L&#8217;h\u00f4tel du Mont Vernon declines all responsibility for any delay, error or omission in the content of these pages, or for any interruption or unavailability of the service. In no event will the hotel be liable for any indirect damages whatsoever.<\/p><p>\u00a0<\/p><p>\u00a0<\/p><p>\u00a0<\/p><p>L&#8217;h\u00f4tel du Mont Vernon may under no circumstances be held responsible for :<\/p><p>any decision taken on the basis of information collected on its site, or the use that may be made of it by third parties.<\/p><p>any direct or indirect prejudice resulting from information contained on its site, misused or found to be inaccurate or incomplete.<\/p><p>the loss or late use of an e-mail.<\/p><p>Hypertext links<\/p><p>The hypertext links present on the H\u00f4tel du Mont Vernon site do not in any way engage the responsibility of the latter with regard to the content of the sites to which they give access.<\/p><p>Likewise, the H\u00f4tel du Mont Vernon, while remaining attentive to the quality of the hypertext links pointing to its site, declines all responsibility for their operation and the content of the sites from which they originate.<\/p><p>Intellectual property rights<\/p><p>The entire H\u00f4tel du Mont Vernon website is protected by copyright, trademark law and, in general, by intellectual property law for all elements of its content, texts, images, data, drawings, graphics, plans, data organization, etc., which are the exclusive property of H\u00f4tel du Mont Vernon.<\/p><p>The representation or reproduction, in whole or in part, of the pages, data and any other element of the site, by any means whatsoever, is prohibited and constitutes, without prior authorization and specifically formalized by the publisher, an infringement punishable by articles L335-2 et seq. of the CPI.<\/p><p>The information provided on the H\u00f4tel du Mont Vernon website may only be used for strictly personal purposes. Any use for commercial purposes or of any other nature is purely and simply forbidden.<\/p><p>Photo credits:.<\/p><p>Photos of home and content pages: Caroline Bazin, photographer, and Adobe Stock<\/p><p>Personal data and privacy<\/p><p>Collection of personal data<\/p><p>When visiting the H\u00f4tel du Mont Vernon website, Internet users are invited to leave personal data (name, address, telephone number, etc.) and non-personal data (field of activity, interests, etc.). This data is reserved for the exclusive use of the H\u00f4tel du Mont Vernon for commercial purposes &#8211; communication (newsletter, sending of content: white papers, infographics&#8230;, invitations to events, promotional) or statistics &#8211; and is kept for 3 years.<\/p><p>Under no circumstances will this data be entrusted to or shared with a third party (e.g. partner).<\/p><p>In compliance with the French Data Protection Act. Visitors may subsequently receive offers concerning the services of the Hotel du Mont Vernon.<\/p><p>This file has been declared to the CNIL under number 1187786.<\/p><p>The IP address is kept for 1 year for incident research, particularly in the event of computer attacks.<\/p><p>Access, rectification and deletion rights<\/p><p>In accordance with the French Data Protection Act of January 6, 1978, this site has been registered with the CNIL under number 1376504.<\/p><p>\u00a0<\/p><p>\u00a0<\/p><p>Internet users have the right to access their personal data at any time and to rectify or delete it. This right may be exercised either directly by e-mail or by post to the following address:<\/p><p>H\u00f4tel Mont Vernon<\/p><p>Emmanuelle YVART<\/p><p>Route de la Chapelle R\u00e9anville &#8211; CD 64<\/p><p>27950 SAINT MARCEL<\/p><p>Specify \u201cPersonal rights\u201d in the subject line and enclose a copy of your proof of identity.<\/p><p>Cookie use policy<\/p><p>Definition: Cookies are text files placed on your computer, tablet or cell phone when you visit the cnpp.com website.<\/p><p>Use: Cookies are used to allow you to access your account and to enable us to compile visit statistics.<\/p><p>How to set your browser :<\/p><p>You can deactivate cookies at any time via your browser&#8217;s help menu. This setting may affect your access to the hotelmont-vernon.com site.<\/p><p>For Internet Explorer, for Firefox, for Chrome<\/p><p>You can choose not to have a web analysis cookie and thus avoid data collection and analysis on our site.<\/p><p>To make this choice, please use the Axeptio cookie module.<\/p><p>This website uses cookies. Cookies enable us to personalize content and ads, offer social media features and analyze our traffic. We also share information about the use of our site with our social media, advertising and analytics partners, who may combine this with other information you have provided to them or that they have collected through your use of their services.<\/p><p>Cookies are small text files that can be used by websites to make the user experience more efficient.<\/p><p>The law states that we can only store cookies on your device if they are strictly necessary for the operation of this site. For all other types of cookies, we need your permission.<\/p><p>This site uses different types of cookies. Some cookies are placed by third-party services that appear on our pages.<\/p><p>You can change or withdraw your consent at any time from the Cookie Statement on our website.<\/p><p>To find out more about who we are, how you can contact us and how we handle personal data, please see our Privacy Policy.<\/p><p>Please indicate the identifier of your consent and the date on which you contacted us regarding your consent.<\/p><p>Your consent applies to the following areas: www.hotelmont-vernon.com<\/p>\t\t\t\t\t\t\t\t<\/div>\n\t\t\t\t<\/div>\n\t\t\t\t<\/div>\n\t\t\t\t\t<\/div>\n\t\t\t\t<\/div>\n\t\t\t\t<\/div>\n\t\t","protected":false},"excerpt":{"rendered":"<p>Legal notice Publisher H\u00f4tel Mont Vernon-CNPP entreprise SARL au capital de 8 500 000\u20ac \u2013 Siret : 34290125300050Route de la Chapelle R\u00e9anville \u2013 CD 64 \u2013F 27950 \u2013 SAINT MARCELPhone +33 (0)2 32 21 67 77 \u00a0 Publication manager: Guillaume SAVORNIN, General Manager. MONT-VERNON Manager: Emmanuelle Yvart CNPP Marketing Communication Director: Anne-Karine BIGOT Site administrator: [&hellip;]<\/p>\n","protected":false},"author":1,"featured_media":0,"parent":0,"menu_order":99000,"comment_status":"closed","ping_status":"closed","template":"","meta":{"inline_featured_image":false,"footnotes":""},"class_list":["post-1918","page","type-page","status-publish","hentry"],"yoast_head":"<!-- This site is optimized with the Yoast SEO plugin v26.9 - https:\/\/yoast.com\/product\/yoast-seo-wordpress\/ -->\n<title>Legal notice - H\u00f4tel Mont Vernon - H\u00f4tel 3 \u00e9toiles \u00e0 Vernon<\/title>\n<meta name=\"robots\" content=\"noindex, follow, max-snippet:-1, max-image-preview:large, max-video-preview:-1\" \/>\n<meta property=\"og:locale\" content=\"en_US\" \/>\n<meta property=\"og:type\" content=\"article\" \/>\n<meta property=\"og:title\" content=\"Legal notice - H\u00f4tel Mont Vernon - H\u00f4tel 3 \u00e9toiles \u00e0 Vernon\" \/>\n<meta property=\"og:description\" content=\"Legal notice Publisher H\u00f4tel Mont Vernon-CNPP entreprise SARL au capital de 8 500 000\u20ac \u2013 Siret : 34290125300050Route de la Chapelle R\u00e9anville \u2013 CD 64 \u2013F 27950 \u2013 SAINT MARCELPhone +33 (0)2 32 21 67 77 \u00a0 Publication manager: Guillaume SAVORNIN, General Manager. MONT-VERNON Manager: Emmanuelle Yvart CNPP Marketing Communication Director: Anne-Karine BIGOT Site administrator: [&hellip;]\" \/>\n<meta property=\"og:url\" content=\"https:\/\/dev.hotelmont-vernon.com\/en\/legal-notice\/\" \/>\n<meta property=\"og:site_name\" content=\"H\u00f4tel Mont Vernon\" \/>\n<meta property=\"article:publisher\" content=\"https:\/\/www.facebook.com\/hotelmontvernon27950\/\" \/>\n<meta property=\"article:modified_time\" content=\"2024-11-05T22:29:04+00:00\" \/>\n<meta property=\"og:image\" content=\"https:\/\/dev.hotelmont-vernon.com\/app\/uploads\/2024\/07\/Groupe-121.svg\" \/>\n<meta name=\"twitter:card\" content=\"summary_large_image\" \/>\n<meta name=\"twitter:label1\" content=\"Est. reading time\" \/>\n\t<meta name=\"twitter:data1\" content=\"6 minutes\" \/>\n<script type=\"application\/ld+json\" class=\"yoast-schema-graph\">{\"@context\":\"https:\/\/schema.org\",\"@graph\":[{\"@type\":\"WebPage\",\"@id\":\"https:\/\/dev.hotelmont-vernon.com\/en\/legal-notice\/\",\"url\":\"https:\/\/dev.hotelmont-vernon.com\/en\/legal-notice\/\",\"name\":\"Legal notice - H\u00f4tel Mont Vernon - H\u00f4tel 3 \u00e9toiles \u00e0 Vernon\",\"isPartOf\":{\"@id\":\"https:\/\/dev.hotelmont-vernon.com\/en\/#website\"},\"primaryImageOfPage\":{\"@id\":\"https:\/\/dev.hotelmont-vernon.com\/en\/legal-notice\/#primaryimage\"},\"image\":{\"@id\":\"https:\/\/dev.hotelmont-vernon.com\/en\/legal-notice\/#primaryimage\"},\"thumbnailUrl\":\"https:\/\/dev.hotelmont-vernon.com\/app\/uploads\/2024\/07\/Groupe-121.svg\",\"datePublished\":\"2024-09-16T19:44:46+00:00\",\"dateModified\":\"2024-11-05T22:29:04+00:00\",\"breadcrumb\":{\"@id\":\"https:\/\/dev.hotelmont-vernon.com\/en\/legal-notice\/#breadcrumb\"},\"inLanguage\":\"en-US\",\"potentialAction\":[{\"@type\":\"ReadAction\",\"target\":[\"https:\/\/dev.hotelmont-vernon.com\/en\/legal-notice\/\"]}]},{\"@type\":\"ImageObject\",\"inLanguage\":\"en-US\",\"@id\":\"https:\/\/dev.hotelmont-vernon.com\/en\/legal-notice\/#primaryimage\",\"url\":\"https:\/\/dev.hotelmont-vernon.com\/app\/uploads\/2024\/07\/Groupe-121.svg\",\"contentUrl\":\"https:\/\/dev.hotelmont-vernon.com\/app\/uploads\/2024\/07\/Groupe-121.svg\"},{\"@type\":\"BreadcrumbList\",\"@id\":\"https:\/\/dev.hotelmont-vernon.com\/en\/legal-notice\/#breadcrumb\",\"itemListElement\":[{\"@type\":\"ListItem\",\"position\":1,\"name\":\"Home\",\"item\":\"https:\/\/dev.hotelmont-vernon.com\/en\/\"},{\"@type\":\"ListItem\",\"position\":2,\"name\":\"Legal notice\"}]},{\"@type\":\"WebSite\",\"@id\":\"https:\/\/dev.hotelmont-vernon.com\/en\/#website\",\"url\":\"https:\/\/dev.hotelmont-vernon.com\/en\/\",\"name\":\"H\u00f4tel Mont Vernon\",\"description\":\"H\u00f4tel 3 \u00e9toiles \u00e0 Vernon\",\"publisher\":{\"@id\":\"https:\/\/dev.hotelmont-vernon.com\/en\/#organization\"},\"potentialAction\":[{\"@type\":\"SearchAction\",\"target\":{\"@type\":\"EntryPoint\",\"urlTemplate\":\"https:\/\/dev.hotelmont-vernon.com\/en\/?s={search_term_string}\"},\"query-input\":{\"@type\":\"PropertyValueSpecification\",\"valueRequired\":true,\"valueName\":\"search_term_string\"}}],\"inLanguage\":\"en-US\"},{\"@type\":\"Organization\",\"@id\":\"https:\/\/dev.hotelmont-vernon.com\/en\/#organization\",\"name\":\"H\u00f4tel Mont Vernon\",\"url\":\"https:\/\/dev.hotelmont-vernon.com\/en\/\",\"logo\":{\"@type\":\"ImageObject\",\"inLanguage\":\"en-US\",\"@id\":\"https:\/\/dev.hotelmont-vernon.com\/en\/#\/schema\/logo\/image\/\",\"url\":\"https:\/\/dev.hotelmont-vernon.com\/app\/uploads\/2024\/08\/Mont-vernon-evenement-prives4.png\",\"contentUrl\":\"https:\/\/dev.hotelmont-vernon.com\/app\/uploads\/2024\/08\/Mont-vernon-evenement-prives4.png\",\"width\":574,\"height\":408,\"caption\":\"H\u00f4tel Mont Vernon\"},\"image\":{\"@id\":\"https:\/\/dev.hotelmont-vernon.com\/en\/#\/schema\/logo\/image\/\"},\"sameAs\":[\"https:\/\/www.facebook.com\/hotelmontvernon27950\/\"]}]}<\/script>\n<!-- \/ Yoast SEO plugin. -->","yoast_head_json":{"title":"Legal notice - H\u00f4tel Mont Vernon - H\u00f4tel 3 \u00e9toiles \u00e0 Vernon","robots":{"index":"noindex","follow":"follow","max-snippet":"max-snippet:-1","max-image-preview":"max-image-preview:large","max-video-preview":"max-video-preview:-1"},"og_locale":"en_US","og_type":"article","og_title":"Legal notice - H\u00f4tel Mont Vernon - H\u00f4tel 3 \u00e9toiles \u00e0 Vernon","og_description":"Legal notice Publisher H\u00f4tel Mont Vernon-CNPP entreprise SARL au capital de 8 500 000\u20ac \u2013 Siret : 34290125300050Route de la Chapelle R\u00e9anville \u2013 CD 64 \u2013F 27950 \u2013 SAINT MARCELPhone +33 (0)2 32 21 67 77 \u00a0 Publication manager: Guillaume SAVORNIN, General Manager. MONT-VERNON Manager: Emmanuelle Yvart CNPP Marketing Communication Director: Anne-Karine BIGOT Site administrator: [&hellip;]","og_url":"https:\/\/dev.hotelmont-vernon.com\/en\/legal-notice\/","og_site_name":"H\u00f4tel Mont Vernon","article_publisher":"https:\/\/www.facebook.com\/hotelmontvernon27950\/","article_modified_time":"2024-11-05T22:29:04+00:00","og_image":[{"url":"https:\/\/dev.hotelmont-vernon.com\/app\/uploads\/2024\/07\/Groupe-121.svg","type":"","width":"","height":""}],"twitter_card":"summary_large_image","twitter_misc":{"Est. reading time":"6 minutes"},"schema":{"@context":"https:\/\/schema.org","@graph":[{"@type":"WebPage","@id":"https:\/\/dev.hotelmont-vernon.com\/en\/legal-notice\/","url":"https:\/\/dev.hotelmont-vernon.com\/en\/legal-notice\/","name":"Legal notice - H\u00f4tel Mont Vernon - H\u00f4tel 3 \u00e9toiles \u00e0 Vernon","isPartOf":{"@id":"https:\/\/dev.hotelmont-vernon.com\/en\/#website"},"primaryImageOfPage":{"@id":"https:\/\/dev.hotelmont-vernon.com\/en\/legal-notice\/#primaryimage"},"image":{"@id":"https:\/\/dev.hotelmont-vernon.com\/en\/legal-notice\/#primaryimage"},"thumbnailUrl":"https:\/\/dev.hotelmont-vernon.com\/app\/uploads\/2024\/07\/Groupe-121.svg","datePublished":"2024-09-16T19:44:46+00:00","dateModified":"2024-11-05T22:29:04+00:00","breadcrumb":{"@id":"https:\/\/dev.hotelmont-vernon.com\/en\/legal-notice\/#breadcrumb"},"inLanguage":"en-US","potentialAction":[{"@type":"ReadAction","target":["https:\/\/dev.hotelmont-vernon.com\/en\/legal-notice\/"]}]},{"@type":"ImageObject","inLanguage":"en-US","@id":"https:\/\/dev.hotelmont-vernon.com\/en\/legal-notice\/#primaryimage","url":"https:\/\/dev.hotelmont-vernon.com\/app\/uploads\/2024\/07\/Groupe-121.svg","contentUrl":"https:\/\/dev.hotelmont-vernon.com\/app\/uploads\/2024\/07\/Groupe-121.svg"},{"@type":"BreadcrumbList","@id":"https:\/\/dev.hotelmont-vernon.com\/en\/legal-notice\/#breadcrumb","itemListElement":[{"@type":"ListItem","position":1,"name":"Home","item":"https:\/\/dev.hotelmont-vernon.com\/en\/"},{"@type":"ListItem","position":2,"name":"Legal notice"}]},{"@type":"WebSite","@id":"https:\/\/dev.hotelmont-vernon.com\/en\/#website","url":"https:\/\/dev.hotelmont-vernon.com\/en\/","name":"H\u00f4tel Mont Vernon","description":"H\u00f4tel 3 \u00e9toiles \u00e0 Vernon","publisher":{"@id":"https:\/\/dev.hotelmont-vernon.com\/en\/#organization"},"potentialAction":[{"@type":"SearchAction","target":{"@type":"EntryPoint","urlTemplate":"https:\/\/dev.hotelmont-vernon.com\/en\/?s={search_term_string}"},"query-input":{"@type":"PropertyValueSpecification","valueRequired":true,"valueName":"search_term_string"}}],"inLanguage":"en-US"},{"@type":"Organization","@id":"https:\/\/dev.hotelmont-vernon.com\/en\/#organization","name":"H\u00f4tel Mont Vernon","url":"https:\/\/dev.hotelmont-vernon.com\/en\/","logo":{"@type":"ImageObject","inLanguage":"en-US","@id":"https:\/\/dev.hotelmont-vernon.com\/en\/#\/schema\/logo\/image\/","url":"https:\/\/dev.hotelmont-vernon.com\/app\/uploads\/2024\/08\/Mont-vernon-evenement-prives4.png","contentUrl":"https:\/\/dev.hotelmont-vernon.com\/app\/uploads\/2024\/08\/Mont-vernon-evenement-prives4.png","width":574,"height":408,"caption":"H\u00f4tel Mont Vernon"},"image":{"@id":"https:\/\/dev.hotelmont-vernon.com\/en\/#\/schema\/logo\/image\/"},"sameAs":["https:\/\/www.facebook.com\/hotelmontvernon27950\/"]}]}},"_links":{"self":[{"href":"https:\/\/dev.hotelmont-vernon.com\/en\/wp-json\/wp\/v2\/pages\/1918","targetHints":{"allow":["GET"]}}],"collection":[{"href":"https:\/\/dev.hotelmont-vernon.com\/en\/wp-json\/wp\/v2\/pages"}],"about":[{"href":"https:\/\/dev.hotelmont-vernon.com\/en\/wp-json\/wp\/v2\/types\/page"}],"author":[{"embeddable":true,"href":"https:\/\/dev.hotelmont-vernon.com\/en\/wp-json\/wp\/v2\/users\/1"}],"replies":[{"embeddable":true,"href":"https:\/\/dev.hotelmont-vernon.com\/en\/wp-json\/wp\/v2\/comments?post=1918"}],"version-history":[{"count":5,"href":"https:\/\/dev.hotelmont-vernon.com\/en\/wp-json\/wp\/v2\/pages\/1918\/revisions"}],"predecessor-version":[{"id":2366,"href":"https:\/\/dev.hotelmont-vernon.com\/en\/wp-json\/wp\/v2\/pages\/1918\/revisions\/2366"}],"wp:attachment":[{"href":"https:\/\/dev.hotelmont-vernon.com\/en\/wp-json\/wp\/v2\/media?parent=1918"}],"curies":[{"name":"wp","href":"https:\/\/api.w.org\/{rel}","templated":true}]}}